{"id":343981,"date":"2021-08-10T19:00:35","date_gmt":"2021-08-10T23:00:35","guid":{"rendered":"https:\/\/test.universalchurchusa.org\/pt\/?page_id=343981"},"modified":"2022-12-30T09:52:33","modified_gmt":"2022-12-30T14:52:33","slug":"espaco-do-imigrante","status":"publish","type":"page","link":"https:\/\/test.universalchurchusa.org\/pt\/espaco-do-imigrante\/blog\/","title":{"rendered":"Espa\u00e7o do Imigrante"},"content":{"rendered":"","protected":false},"excerpt":{"rendered":"","protected":false},"author":246,"featured_media":0,"parent":0,"menu_order":0,"comment_status":"closed","ping_status":"closed","template":"page-padrao-sem-cache.php","meta":{"_monsterinsights_skip_tracking":false,"_monsterinsights_sitenote_active":false,"_monsterinsights_sitenote_note":"","_monsterinsights_sitenote_category":0,"footnotes":""},"site":[19125],"class_list":["post-343981","page","type-page","status-publish","hentry","site-espaco-do-imigrante"],"yoast_head":"<!-- This site is optimized with the Yoast SEO plugin v27.5 - https:\/\/yoast.com\/product\/yoast-seo-wordpress\/ -->\n<title>A\u00e7\u00e3o social de trabalhos volunt\u00e1rios - Igreja Universal do Reino de Deus<\/title>\n<meta name=\"robots\" content=\"index, follow, max-snippet:-1, max-image-preview:large, max-video-preview:-1\" \/>\n<link rel=\"canonical\" href=\"https:\/\/test.universalchurchusa.org\/pt\/espaco-do-imigrante\/blog\/\" \/>\n<meta property=\"og:locale\" content=\"en_US\" \/>\n<meta property=\"article:publisher\" content=\"https:\/\/www.facebook.com\/theuniversalchurch\" \/>\n<meta property=\"article:modified_time\" content=\"2022-12-30T14:52:33+00:00\" \/>\n<script type=\"application\/ld+json\" class=\"yoast-schema-graph\">{\"@context\":\"https:\\\/\\\/schema.org\",\"@graph\":[{\"@type\":\"WebPage\",\"@id\":\"https:\\\/\\\/test.universalchurchusa.org\\\/pt\\\/espaco-do-imigrante\\\/blog\\\/\",\"url\":\"https:\\\/\\\/test.universalchurchusa.org\\\/pt\\\/espaco-do-imigrante\\\/blog\\\/\",\"name\":\"A\u00e7\u00e3o social de trabalhos volunt\u00e1rios - Igreja Universal do Reino de Deus\",\"isPartOf\":{\"@id\":\"https:\\\/\\\/test.universalchurchusa.org\\\/pt\\\/#website\"},\"datePublished\":\"2021-08-10T23:00:35+00:00\",\"dateModified\":\"2022-12-30T14:52:33+00:00\",\"description\":\"A p\u00e1gina a\u00e7\u00e3o social mostra todos os trabalhos volunt\u00e1rios feitos por membros da Igreja Universal e em como eles ajudam o pr\u00f3ximo.\",\"breadcrumb\":{\"@id\":\"https:\\\/\\\/test.universalchurchusa.org\\\/pt\\\/espaco-do-imigrante\\\/blog\\\/#breadcrumb\"},\"inLanguage\":\"en-US\",\"potentialAction\":[{\"@type\":\"ReadAction\",\"target\":[\"https:\\\/\\\/test.universalchurchusa.org\\\/pt\\\/espaco-do-imigrante\\\/blog\\\/\"]}]},{\"@type\":\"BreadcrumbList\",\"@id\":\"https:\\\/\\\/test.universalchurchusa.org\\\/pt\\\/espaco-do-imigrante\\\/blog\\\/#breadcrumb\",\"itemListElement\":[{\"@type\":\"ListItem\",\"position\":1,\"name\":\"Home\",\"item\":\"https:\\\/\\\/test.universalchurchusa.org\\\/pt\\\/\"},{\"@type\":\"ListItem\",\"position\":2,\"name\":\"Espa\u00e7o do Imigrante\"}]},{\"@type\":\"WebSite\",\"@id\":\"https:\\\/\\\/test.universalchurchusa.org\\\/pt\\\/#website\",\"url\":\"https:\\\/\\\/test.universalchurchusa.org\\\/pt\\\/\",\"name\":\"Igreja Universal\",\"description\":\"Bem-vindo ao portal oficial da Igreja Universal nos Estados Unidos. Aqui voc\u00ea encontrar\u00e1 informa\u00e7\u00f5es sobre comportamento crist\u00e3o, trabalho comunitario, estudos b\u00edblicos, dicas e muito mais.\",\"publisher\":{\"@id\":\"https:\\\/\\\/test.universalchurchusa.org\\\/pt\\\/#organization\"},\"potentialAction\":[{\"@type\":\"SearchAction\",\"target\":{\"@type\":\"EntryPoint\",\"urlTemplate\":\"https:\\\/\\\/test.universalchurchusa.org\\\/pt\\\/?s={search_term_string}\"},\"query-input\":{\"@type\":\"PropertyValueSpecification\",\"valueRequired\":true,\"valueName\":\"search_term_string\"}}],\"inLanguage\":\"en-US\"},{\"@type\":\"Organization\",\"@id\":\"https:\\\/\\\/test.universalchurchusa.org\\\/pt\\\/#organization\",\"name\":\"The Universal Church\",\"alternateName\":\"TUC\",\"url\":\"https:\\\/\\\/test.universalchurchusa.org\\\/pt\\\/\",\"logo\":{\"@type\":\"ImageObject\",\"inLanguage\":\"en-US\",\"@id\":\"https:\\\/\\\/test.universalchurchusa.org\\\/pt\\\/#\\\/schema\\\/logo\\\/image\\\/\",\"url\":\"https:\\\/\\\/test.universalchurchusa.org\\\/pt\\\/wp-content\\\/uploads\\\/sites\\\/7\\\/2023\\\/02\\\/Heart-Logo-2-e1676326144384.png\",\"contentUrl\":\"https:\\\/\\\/test.universalchurchusa.org\\\/pt\\\/wp-content\\\/uploads\\\/sites\\\/7\\\/2023\\\/02\\\/Heart-Logo-2-e1676326144384.png\",\"width\":200,\"height\":113,\"caption\":\"The Universal Church\"},\"image\":{\"@id\":\"https:\\\/\\\/test.universalchurchusa.org\\\/pt\\\/#\\\/schema\\\/logo\\\/image\\\/\"},\"sameAs\":[\"https:\\\/\\\/www.facebook.com\\\/theuniversalchurch\"]}]}<\/script>\n<!-- \/ Yoast SEO plugin. -->","yoast_head_json":{"title":"A\u00e7\u00e3o social de trabalhos volunt\u00e1rios - Igreja Universal do Reino de Deus","robots":{"index":"index","follow":"follow","max-snippet":"max-snippet:-1","max-image-preview":"max-image-preview:large","max-video-preview":"max-video-preview:-1"},"canonical":"https:\/\/test.universalchurchusa.org\/pt\/espaco-do-imigrante\/blog\/","og_locale":"en_US","article_publisher":"https:\/\/www.facebook.com\/theuniversalchurch","article_modified_time":"2022-12-30T14:52:33+00:00","schema":{"@context":"https:\/\/schema.org","@graph":[{"@type":"WebPage","@id":"https:\/\/test.universalchurchusa.org\/pt\/espaco-do-imigrante\/blog\/","url":"https:\/\/test.universalchurchusa.org\/pt\/espaco-do-imigrante\/blog\/","name":"A\u00e7\u00e3o social de trabalhos volunt\u00e1rios - Igreja Universal do Reino de Deus","isPartOf":{"@id":"https:\/\/test.universalchurchusa.org\/pt\/#website"},"datePublished":"2021-08-10T23:00:35+00:00","dateModified":"2022-12-30T14:52:33+00:00","description":"A p\u00e1gina a\u00e7\u00e3o social mostra todos os trabalhos volunt\u00e1rios feitos por membros da Igreja Universal e em como eles ajudam o pr\u00f3ximo.","breadcrumb":{"@id":"https:\/\/test.universalchurchusa.org\/pt\/espaco-do-imigrante\/blog\/#breadcrumb"},"inLanguage":"en-US","potentialAction":[{"@type":"ReadAction","target":["https:\/\/test.universalchurchusa.org\/pt\/espaco-do-imigrante\/blog\/"]}]},{"@type":"BreadcrumbList","@id":"https:\/\/test.universalchurchusa.org\/pt\/espaco-do-imigrante\/blog\/#breadcrumb","itemListElement":[{"@type":"ListItem","position":1,"name":"Home","item":"https:\/\/test.universalchurchusa.org\/pt\/"},{"@type":"ListItem","position":2,"name":"Espa\u00e7o do Imigrante"}]},{"@type":"WebSite","@id":"https:\/\/test.universalchurchusa.org\/pt\/#website","url":"https:\/\/test.universalchurchusa.org\/pt\/","name":"Igreja Universal","description":"Bem-vindo ao portal oficial da Igreja Universal nos Estados Unidos. Aqui voc\u00ea encontrar\u00e1 informa\u00e7\u00f5es sobre comportamento crist\u00e3o, trabalho comunitario, estudos b\u00edblicos, dicas e muito mais.","publisher":{"@id":"https:\/\/test.universalchurchusa.org\/pt\/#organization"},"potentialAction":[{"@type":"SearchAction","target":{"@type":"EntryPoint","urlTemplate":"https:\/\/test.universalchurchusa.org\/pt\/?s={search_term_string}"},"query-input":{"@type":"PropertyValueSpecification","valueRequired":true,"valueName":"search_term_string"}}],"inLanguage":"en-US"},{"@type":"Organization","@id":"https:\/\/test.universalchurchusa.org\/pt\/#organization","name":"The Universal Church","alternateName":"TUC","url":"https:\/\/test.universalchurchusa.org\/pt\/","logo":{"@type":"ImageObject","inLanguage":"en-US","@id":"https:\/\/test.universalchurchusa.org\/pt\/#\/schema\/logo\/image\/","url":"https:\/\/test.universalchurchusa.org\/pt\/wp-content\/uploads\/sites\/7\/2023\/02\/Heart-Logo-2-e1676326144384.png","contentUrl":"https:\/\/test.universalchurchusa.org\/pt\/wp-content\/uploads\/sites\/7\/2023\/02\/Heart-Logo-2-e1676326144384.png","width":200,"height":113,"caption":"The Universal Church"},"image":{"@id":"https:\/\/test.universalchurchusa.org\/pt\/#\/schema\/logo\/image\/"},"sameAs":["https:\/\/www.facebook.com\/theuniversalchurch"]}]}},"_links":{"self":[{"href":"https:\/\/test.universalchurchusa.org\/pt\/wp-json\/wp\/v2\/pages\/343981","targetHints":{"allow":["GET"]}}],"collection":[{"href":"https:\/\/test.universalchurchusa.org\/pt\/wp-json\/wp\/v2\/pages"}],"about":[{"href":"https:\/\/test.universalchurchusa.org\/pt\/wp-json\/wp\/v2\/types\/page"}],"author":[{"embeddable":true,"href":"https:\/\/test.universalchurchusa.org\/pt\/wp-json\/wp\/v2\/users\/246"}],"replies":[{"embeddable":true,"href":"https:\/\/test.universalchurchusa.org\/pt\/wp-json\/wp\/v2\/comments?post=343981"}],"version-history":[{"count":1,"href":"https:\/\/test.universalchurchusa.org\/pt\/wp-json\/wp\/v2\/pages\/343981\/revisions"}],"predecessor-version":[{"id":343985,"href":"https:\/\/test.universalchurchusa.org\/pt\/wp-json\/wp\/v2\/pages\/343981\/revisions\/343985"}],"wp:attachment":[{"href":"https:\/\/test.universalchurchusa.org\/pt\/wp-json\/wp\/v2\/media?parent=343981"}],"wp:term":[{"taxonomy":"site","embeddable":true,"href":"https:\/\/test.universalchurchusa.org\/pt\/wp-json\/wp\/v2\/site?post=343981"}],"curies":[{"name":"wp","href":"https:\/\/api.w.org\/{rel}","templated":true}]}}