{"id":377153,"date":"2022-09-28T19:30:15","date_gmt":"2022-09-29T02:30:15","guid":{"rendered":"https:\/\/test.universalchurchusa.org\/es\/?page_id=377153"},"modified":"2023-05-10T11:10:33","modified_gmt":"2023-05-10T18:10:33","slug":"canaldelafe-4","status":"publish","type":"page","link":"https:\/\/test.universalchurchusa.org\/es\/canaldelafe-4\/","title":{"rendered":"Canal de la Fe"},"content":{"rendered":"<p>Canal de la Fe es una estacion para que usted este conectado con Dios 24\/7. Escuche testimonios, m\u00fasica y una palabra que alimenta su alma.<\/p>\n<p>Canal de la Fe, es la mejor opci\u00f3n y la mayor oportunidad para que usted este conectado con Dios las 24 horas del d\u00eda. Aqu\u00ed va a poder escuchar testimonios de cambio de vida, m\u00fasica que alimenta el alma. Este app sera disponible para todas las personas que desean estar mas conectadas a Dios y necesitan de una palabra de FE y motivaci\u00f3n. Comparta con su familia y sus amigos.<\/p>\n<p><a href=\"https:\/\/test.universalchurchusa.org\/es\/canaldelafe\">Canal de la Fe es una estacion para que usted este conectado con Dios 24\/7<\/a>. Escuche testimonios, m\u00fasica y una palabra que alimenta su alma.<\/p>\n<p>La mejor opci\u00f3n y la mayor oportunidad para que usted este conectado con Dios las 24 horas del d\u00eda. Aqu\u00ed va a poder escuchar testimonios de cambio de vida, m\u00fasica que alimenta el alma. Este app sera disponible para todas las personas que desean estar mas conectadas a Dios y necesitan de una palabra de FE y motivaci\u00f3n. Comparta con su familia y sus amigos.<\/p>\n<p>Canal de la Fe es una estacion para que usted este conectado con Dios 24\/7. Escuche testimonios, m\u00fasica y una palabra que alimenta su alma.<\/p>\n<p>La mejor opci\u00f3n y la mayor oportunidad para que usted este conectado con Dios las 24 horas del d\u00eda. Aqu\u00ed va a poder escuchar testimonios de cambio de vida, m\u00fasica que alimenta el alma. Este app sera disponible para todas las personas que desean estar mas conectadas a Dios y necesitan de una palabra de FE y motivaci\u00f3n. Comparta con su familia y sus amigos.<\/p>\n<p>Canal de la Fe es una estacion para que usted este conectado con Dios 24\/7. Escuche testimonios, m\u00fasica y una palabra que alimenta su alma.<\/p>\n<p>La mejor opci\u00f3n y la mayor oportunidad para que usted este conectado con Dios las 24 horas del d\u00eda. Aqu\u00ed va a poder escuchar testimonios de cambio de vida, m\u00fasica que alimenta el alma. Este <a href=\"https:\/\/apps.apple.com\/id\/app\/canal-de-la-f%C3%A9\/id1445076885\">app<\/a> sera disponible para todas las personas que desean estar mas conectadas a Dios y necesitan de una palabra de FE y motivaci\u00f3n. Comparta con su familia y sus amigos.<\/p>\n","protected":false},"excerpt":{"rendered":"<p>Canal de la Fe es una estacion para que usted este conectado con Dios 24\/7. Escuche testimonios, m\u00fasica y una palabra que alimenta su alma. Canal de la Fe, es la mejor opci\u00f3n y la mayor oportunidad para que usted este conectado con Dios las 24 horas del d\u00eda. Aqu\u00ed va a poder escuchar testimonios [&hellip;]<\/p>\n","protected":false},"author":243,"featured_media":379124,"parent":0,"menu_order":0,"comment_status":"closed","ping_status":"closed","template":"page-canaldelafe.php","meta":{"footnotes":""},"site":[],"class_list":["post-377153","page","type-page","status-publish","has-post-thumbnail","hentry"],"yoast_head":"<!-- This site is optimized with the Yoast SEO plugin v27.5 - https:\/\/yoast.com\/product\/yoast-seo-wordpress\/ -->\n<title>Canal de la Fe - Iglesia Universal<\/title>\n<meta name=\"robots\" content=\"index, follow, max-snippet:-1, max-image-preview:large, max-video-preview:-1\" \/>\n<link rel=\"canonical\" href=\"https:\/\/test.universalchurchusa.org\/es\/canaldelafe-4\/\" \/>\n<meta property=\"og:locale\" content=\"en_US\" \/>\n<meta property=\"article:publisher\" content=\"https:\/\/www.facebook.com\/theuniversalchurch\" \/>\n<meta property=\"article:modified_time\" content=\"2023-05-10T18:10:33+00:00\" \/>\n<meta property=\"og:image\" content=\"https:\/\/test.universalchurchusa.org\/es\/wp-content\/uploads\/sites\/6\/2023\/01\/canal-de-la-fe-logo.jpeg\" \/>\n\t<meta property=\"og:image:width\" content=\"225\" \/>\n\t<meta property=\"og:image:height\" content=\"225\" \/>\n\t<meta property=\"og:image:type\" content=\"image\/jpeg\" \/>\n<meta name=\"twitter:site\" content=\"@USA_Universal\" \/>\n<meta name=\"twitter:label1\" content=\"Est. reading time\" \/>\n\t<meta name=\"twitter:data1\" content=\"2 minutes\" \/>\n<script type=\"application\/ld+json\" class=\"yoast-schema-graph\">{\"@context\":\"https:\\\/\\\/schema.org\",\"@graph\":[{\"@type\":\"WebPage\",\"@id\":\"https:\\\/\\\/test.universalchurchusa.org\\\/es\\\/canaldelafe-4\\\/\",\"url\":\"https:\\\/\\\/test.universalchurchusa.org\\\/es\\\/canaldelafe-4\\\/\",\"name\":\"Canal de la Fe - Iglesia Universal\",\"isPartOf\":{\"@id\":\"https:\\\/\\\/test.universalchurchusa.org\\\/es\\\/#website\"},\"primaryImageOfPage\":{\"@id\":\"https:\\\/\\\/test.universalchurchusa.org\\\/es\\\/canaldelafe-4\\\/#primaryimage\"},\"image\":{\"@id\":\"https:\\\/\\\/test.universalchurchusa.org\\\/es\\\/canaldelafe-4\\\/#primaryimage\"},\"thumbnailUrl\":\"https:\\\/\\\/test.universalchurchusa.org\\\/es\\\/wp-content\\\/uploads\\\/sites\\\/6\\\/2023\\\/01\\\/canal-de-la-fe-logo.jpeg\",\"datePublished\":\"2022-09-29T02:30:15+00:00\",\"dateModified\":\"2023-05-10T18:10:33+00:00\",\"description\":\"Canal de la Fe, una estacion para que usted este conectado con Dios 24\\\/7. Escuche testimonios, m\u00fasica y una palabra que alimenta su alma.\",\"breadcrumb\":{\"@id\":\"https:\\\/\\\/test.universalchurchusa.org\\\/es\\\/canaldelafe-4\\\/#breadcrumb\"},\"inLanguage\":\"en-US\",\"potentialAction\":[{\"@type\":\"ReadAction\",\"target\":[\"https:\\\/\\\/test.universalchurchusa.org\\\/es\\\/canaldelafe-4\\\/\"]}]},{\"@type\":\"ImageObject\",\"inLanguage\":\"en-US\",\"@id\":\"https:\\\/\\\/test.universalchurchusa.org\\\/es\\\/canaldelafe-4\\\/#primaryimage\",\"url\":\"https:\\\/\\\/test.universalchurchusa.org\\\/es\\\/wp-content\\\/uploads\\\/sites\\\/6\\\/2023\\\/01\\\/canal-de-la-fe-logo.jpeg\",\"contentUrl\":\"https:\\\/\\\/test.universalchurchusa.org\\\/es\\\/wp-content\\\/uploads\\\/sites\\\/6\\\/2023\\\/01\\\/canal-de-la-fe-logo.jpeg\",\"width\":225,\"height\":225,\"caption\":\"Canal de la fe Logo\"},{\"@type\":\"BreadcrumbList\",\"@id\":\"https:\\\/\\\/test.universalchurchusa.org\\\/es\\\/canaldelafe-4\\\/#breadcrumb\",\"itemListElement\":[{\"@type\":\"ListItem\",\"position\":1,\"name\":\"Home\",\"item\":\"https:\\\/\\\/test.universalchurchusa.org\\\/es\\\/\"},{\"@type\":\"ListItem\",\"position\":2,\"name\":\"Canal de la Fe\"}]},{\"@type\":\"WebSite\",\"@id\":\"https:\\\/\\\/test.universalchurchusa.org\\\/es\\\/#website\",\"url\":\"https:\\\/\\\/test.universalchurchusa.org\\\/es\\\/\",\"name\":\"Iglesia Universal\",\"description\":\"Bienvenido al portal oficial de la Iglesia Universal en los Estados Unidos. Aqu\u00ed encontrar\u00e1 informaci\u00f3n sobre el comportamiento cristiano, los estudios b\u00edblicos, consejos y mucho m\u00e1s.\",\"publisher\":{\"@id\":\"https:\\\/\\\/test.universalchurchusa.org\\\/es\\\/#organization\"},\"potentialAction\":[{\"@type\":\"SearchAction\",\"target\":{\"@type\":\"EntryPoint\",\"urlTemplate\":\"https:\\\/\\\/test.universalchurchusa.org\\\/es\\\/?s={search_term_string}\"},\"query-input\":{\"@type\":\"PropertyValueSpecification\",\"valueRequired\":true,\"valueName\":\"search_term_string\"}}],\"inLanguage\":\"en-US\"},{\"@type\":\"Organization\",\"@id\":\"https:\\\/\\\/test.universalchurchusa.org\\\/es\\\/#organization\",\"name\":\"The Universal Church\",\"alternateName\":\"TUC\",\"url\":\"https:\\\/\\\/test.universalchurchusa.org\\\/es\\\/\",\"logo\":{\"@type\":\"ImageObject\",\"inLanguage\":\"en-US\",\"@id\":\"https:\\\/\\\/test.universalchurchusa.org\\\/es\\\/#\\\/schema\\\/logo\\\/image\\\/\",\"url\":\"https:\\\/\\\/test.universalchurchusa.org\\\/es\\\/wp-content\\\/uploads\\\/sites\\\/6\\\/2023\\\/02\\\/Heart-Logo-2-e1676326647915.png\",\"contentUrl\":\"https:\\\/\\\/test.universalchurchusa.org\\\/es\\\/wp-content\\\/uploads\\\/sites\\\/6\\\/2023\\\/02\\\/Heart-Logo-2-e1676326647915.png\",\"width\":200,\"height\":113,\"caption\":\"The Universal Church\"},\"image\":{\"@id\":\"https:\\\/\\\/test.universalchurchusa.org\\\/es\\\/#\\\/schema\\\/logo\\\/image\\\/\"},\"sameAs\":[\"https:\\\/\\\/www.facebook.com\\\/theuniversalchurch\",\"https:\\\/\\\/x.com\\\/USA_Universal\",\"https:\\\/\\\/www.instagram.com\\\/theuniversalchurch\\\/\",\"https:\\\/\\\/www.youtube.com\\\/channel\\\/UC6Se01gY08rPn4O3OBGlc-Q\"]}]}<\/script>\n<!-- \/ Yoast SEO plugin. -->","yoast_head_json":{"title":"Canal de la Fe - Iglesia Universal","robots":{"index":"index","follow":"follow","max-snippet":"max-snippet:-1","max-image-preview":"max-image-preview:large","max-video-preview":"max-video-preview:-1"},"canonical":"https:\/\/test.universalchurchusa.org\/es\/canaldelafe-4\/","og_locale":"en_US","article_publisher":"https:\/\/www.facebook.com\/theuniversalchurch","article_modified_time":"2023-05-10T18:10:33+00:00","og_image":[{"width":225,"height":225,"url":"https:\/\/test.universalchurchusa.org\/es\/wp-content\/uploads\/sites\/6\/2023\/01\/canal-de-la-fe-logo.jpeg","type":"image\/jpeg"}],"twitter_site":"@USA_Universal","twitter_misc":{"Est. reading time":"2 minutes"},"schema":{"@context":"https:\/\/schema.org","@graph":[{"@type":"WebPage","@id":"https:\/\/test.universalchurchusa.org\/es\/canaldelafe-4\/","url":"https:\/\/test.universalchurchusa.org\/es\/canaldelafe-4\/","name":"Canal de la Fe - Iglesia Universal","isPartOf":{"@id":"https:\/\/test.universalchurchusa.org\/es\/#website"},"primaryImageOfPage":{"@id":"https:\/\/test.universalchurchusa.org\/es\/canaldelafe-4\/#primaryimage"},"image":{"@id":"https:\/\/test.universalchurchusa.org\/es\/canaldelafe-4\/#primaryimage"},"thumbnailUrl":"https:\/\/test.universalchurchusa.org\/es\/wp-content\/uploads\/sites\/6\/2023\/01\/canal-de-la-fe-logo.jpeg","datePublished":"2022-09-29T02:30:15+00:00","dateModified":"2023-05-10T18:10:33+00:00","description":"Canal de la Fe, una estacion para que usted este conectado con Dios 24\/7. Escuche testimonios, m\u00fasica y una palabra que alimenta su alma.","breadcrumb":{"@id":"https:\/\/test.universalchurchusa.org\/es\/canaldelafe-4\/#breadcrumb"},"inLanguage":"en-US","potentialAction":[{"@type":"ReadAction","target":["https:\/\/test.universalchurchusa.org\/es\/canaldelafe-4\/"]}]},{"@type":"ImageObject","inLanguage":"en-US","@id":"https:\/\/test.universalchurchusa.org\/es\/canaldelafe-4\/#primaryimage","url":"https:\/\/test.universalchurchusa.org\/es\/wp-content\/uploads\/sites\/6\/2023\/01\/canal-de-la-fe-logo.jpeg","contentUrl":"https:\/\/test.universalchurchusa.org\/es\/wp-content\/uploads\/sites\/6\/2023\/01\/canal-de-la-fe-logo.jpeg","width":225,"height":225,"caption":"Canal de la fe Logo"},{"@type":"BreadcrumbList","@id":"https:\/\/test.universalchurchusa.org\/es\/canaldelafe-4\/#breadcrumb","itemListElement":[{"@type":"ListItem","position":1,"name":"Home","item":"https:\/\/test.universalchurchusa.org\/es\/"},{"@type":"ListItem","position":2,"name":"Canal de la Fe"}]},{"@type":"WebSite","@id":"https:\/\/test.universalchurchusa.org\/es\/#website","url":"https:\/\/test.universalchurchusa.org\/es\/","name":"Iglesia Universal","description":"Bienvenido al portal oficial de la Iglesia Universal en los Estados Unidos. Aqu\u00ed encontrar\u00e1 informaci\u00f3n sobre el comportamiento cristiano, los estudios b\u00edblicos, consejos y mucho m\u00e1s.","publisher":{"@id":"https:\/\/test.universalchurchusa.org\/es\/#organization"},"potentialAction":[{"@type":"SearchAction","target":{"@type":"EntryPoint","urlTemplate":"https:\/\/test.universalchurchusa.org\/es\/?s={search_term_string}"},"query-input":{"@type":"PropertyValueSpecification","valueRequired":true,"valueName":"search_term_string"}}],"inLanguage":"en-US"},{"@type":"Organization","@id":"https:\/\/test.universalchurchusa.org\/es\/#organization","name":"The Universal Church","alternateName":"TUC","url":"https:\/\/test.universalchurchusa.org\/es\/","logo":{"@type":"ImageObject","inLanguage":"en-US","@id":"https:\/\/test.universalchurchusa.org\/es\/#\/schema\/logo\/image\/","url":"https:\/\/test.universalchurchusa.org\/es\/wp-content\/uploads\/sites\/6\/2023\/02\/Heart-Logo-2-e1676326647915.png","contentUrl":"https:\/\/test.universalchurchusa.org\/es\/wp-content\/uploads\/sites\/6\/2023\/02\/Heart-Logo-2-e1676326647915.png","width":200,"height":113,"caption":"The Universal Church"},"image":{"@id":"https:\/\/test.universalchurchusa.org\/es\/#\/schema\/logo\/image\/"},"sameAs":["https:\/\/www.facebook.com\/theuniversalchurch","https:\/\/x.com\/USA_Universal","https:\/\/www.instagram.com\/theuniversalchurch\/","https:\/\/www.youtube.com\/channel\/UC6Se01gY08rPn4O3OBGlc-Q"]}]}},"_links":{"self":[{"href":"https:\/\/test.universalchurchusa.org\/es\/wp-json\/wp\/v2\/pages\/377153","targetHints":{"allow":["GET"]}}],"collection":[{"href":"https:\/\/test.universalchurchusa.org\/es\/wp-json\/wp\/v2\/pages"}],"about":[{"href":"https:\/\/test.universalchurchusa.org\/es\/wp-json\/wp\/v2\/types\/page"}],"author":[{"embeddable":true,"href":"https:\/\/test.universalchurchusa.org\/es\/wp-json\/wp\/v2\/users\/243"}],"replies":[{"embeddable":true,"href":"https:\/\/test.universalchurchusa.org\/es\/wp-json\/wp\/v2\/comments?post=377153"}],"version-history":[{"count":8,"href":"https:\/\/test.universalchurchusa.org\/es\/wp-json\/wp\/v2\/pages\/377153\/revisions"}],"predecessor-version":[{"id":380139,"href":"https:\/\/test.universalchurchusa.org\/es\/wp-json\/wp\/v2\/pages\/377153\/revisions\/380139"}],"wp:featuredmedia":[{"embeddable":true,"href":"https:\/\/test.universalchurchusa.org\/es\/wp-json\/wp\/v2\/media\/379124"}],"wp:attachment":[{"href":"https:\/\/test.universalchurchusa.org\/es\/wp-json\/wp\/v2\/media?parent=377153"}],"wp:term":[{"taxonomy":"site","embeddable":true,"href":"https:\/\/test.universalchurchusa.org\/es\/wp-json\/wp\/v2\/site?post=377153"}],"curies":[{"name":"wp","href":"https:\/\/api.w.org\/{rel}","templated":true}]}}