{"id":376056,"date":"2022-07-25T17:04:32","date_gmt":"2022-07-26T00:04:32","guid":{"rendered":"https:\/\/test.universalchurchusa.org\/es\/?page_id=376056"},"modified":"2022-12-30T06:44:47","modified_gmt":"2022-12-30T14:44:47","slug":"direcciones","status":"publish","type":"page","link":"https:\/\/test.universalchurchusa.org\/es\/direcciones\/","title":{"rendered":"Encuentre una Iglesia Universal mas Cercana a Usted en Estados Unidos"},"content":{"rendered":"<p>Encuentre una <a href=\"https:\/\/test.universalchurchusa.org\/es\/a-universal\/\">Iglesia Universal<\/a> mas cercana a usted. La Iglesia Universal tiene sus puertas abiertas diariamente en\u00a0 mas de 360 localizaciones en los Estados Unidos. Ubicada en 36 estados, la Iglesia Universal sirve a las comunidades mas necesitadas, proporcionando ayuda espiritual, distribuyendo alimentos, preparando eventos para los ni\u00f1os y j\u00f3venes, entre otros. Toda ayuda es brindada por los miembros y voluntarios de la iglesia. Los voluntarios ayudan\u00a0 a los dem\u00e1s as\u00ed como alg\u00fan dia, alguien los ayudo a ellos. El tiempo que toman para ayudar y practicar su amor al pr\u00f3jimo tiene un valor incalculable. La Iglesia Universal cuenta con various grupos y proyectos.<\/p>\n<h4><strong>Unisocial<\/strong><\/h4>\n<p>Este proyecto se encarga de proveer ayuda a la comunidad, sea distruyendo alimentos o ofreciendo servicios gratuitos para la comunidad.<\/p>\n<h4><a href=\"https:\/\/www.facebook.com\/usaCaleb\">Grupo Caleb<\/a><\/h4>\n<p>El grupo Caleb esta formado por voluntarios con la capacidad de ayudar a las persona mayores de 60 anos. El grupo Caleb tiene actividades y eventos todos los meses para cuidar de estas personas que necesitan apoyo espiritual, fisico y emocional.<\/p>\n<h4><a href=\"https:\/\/www.facebook.com\/YouthPowerGroupUSA\">Youth Power Group (YPG)<\/a><\/h4>\n<p>El grupo joven de la Iglesia Universal tiene el nombre de Youth Power Group. Todos los meses y durante la semana los jovens tienen la oportunidad de crecer espiritualmente y ser un joven ejemplar en nuestra sociedad. En este grupo, ellos cuentan con el apoyo que necesitan para sobresalir y conquistar las metas que tienen para su vida.<\/p>\n<h4>Universal Beyond Bars<\/h4>\n<p>Esta grupo es responsable de visitar carceles\/prisiones\/centros de detencion\/instituciones correccionales. Los voluntarios son dedicados a ayudar y aconsejar a los presidiarios. Muchos han recibido paz y han aprendido manejar su caracter a base de las ense\u00f1anzass que reciben de nuestros voluntarios a base de la Biblia Sagrada.<\/p>\n<h4><a href=\"https:\/\/www.facebook.com\/evgusa.oficial\">Evangelization (EVG)<\/a><\/h4>\n<p>El grupo de evangelizacion es uno de los mas importantes. Ellos rescatan aquellos que algun dia estaban en la fe pero se han perdido en este mundo y no tiene fuerzas para regresar a Dios. Este grupo apoya paso a paso a cada persona en su jornada espiritual hasta que puedan caminar por si solas en los pasos de Jesus.<\/p>\n","protected":false},"excerpt":{"rendered":"<p>Encuentre una Iglesia Universal mas cercana a usted. La Iglesia Universal tiene sus puertas abiertas diariamente en\u00a0 mas de 360 localizaciones en los Estados Unidos. Ubicada en 36 estados, la Iglesia Universal sirve a las comunidades mas necesitadas, proporcionando ayuda espiritual, distribuyendo alimentos, preparando eventos para los ni\u00f1os y j\u00f3venes, entre otros. Toda ayuda es [&hellip;]<\/p>\n","protected":false},"author":243,"featured_media":0,"parent":0,"menu_order":0,"comment_status":"closed","ping_status":"closed","template":"page-experiencia.php","meta":{"footnotes":""},"site":[],"class_list":["post-376056","page","type-page","status-publish","hentry"],"yoast_head":"<!-- This site is optimized with the Yoast SEO plugin v27.5 - https:\/\/yoast.com\/product\/yoast-seo-wordpress\/ -->\n<title>Encuentre una Iglesia Universal mas Cercana a Usted en Estados Unidos - USA<\/title>\n<meta name=\"robots\" content=\"index, follow, max-snippet:-1, max-image-preview:large, max-video-preview:-1\" \/>\n<link rel=\"canonical\" href=\"https:\/\/test.universalchurchusa.org\/es\/direcciones\/\" \/>\n<meta property=\"og:locale\" content=\"en_US\" \/>\n<meta property=\"article:publisher\" content=\"https:\/\/www.facebook.com\/theuniversalchurch\" \/>\n<meta property=\"article:modified_time\" content=\"2022-12-30T14:44:47+00:00\" \/>\n<meta property=\"og:image\" content=\"https:\/\/test.universalchurchusa.org\/es\/wp-content\/uploads\/sites\/6\/2023\/02\/IURD-SPA-LOGO.png\" \/>\n\t<meta property=\"og:image:width\" content=\"940\" \/>\n\t<meta property=\"og:image:height\" content=\"802\" \/>\n\t<meta property=\"og:image:type\" content=\"image\/png\" \/>\n<meta name=\"twitter:site\" content=\"@USA_Universal\" \/>\n<meta name=\"twitter:label1\" content=\"Est. reading time\" \/>\n\t<meta name=\"twitter:data1\" content=\"2 minutes\" \/>\n<script type=\"application\/ld+json\" class=\"yoast-schema-graph\">{\"@context\":\"https:\\\/\\\/schema.org\",\"@graph\":[{\"@type\":\"WebPage\",\"@id\":\"https:\\\/\\\/test.universalchurchusa.org\\\/es\\\/direcciones\\\/\",\"url\":\"https:\\\/\\\/test.universalchurchusa.org\\\/es\\\/direcciones\\\/\",\"name\":\"Encuentre una Iglesia Universal mas Cercana a Usted en Estados Unidos - USA\",\"isPartOf\":{\"@id\":\"https:\\\/\\\/test.universalchurchusa.org\\\/es\\\/#website\"},\"datePublished\":\"2022-07-26T00:04:32+00:00\",\"dateModified\":\"2022-12-30T14:44:47+00:00\",\"description\":\"Encuentre una Iglesia Universal mas cercana a usted. Sus puertas est\u00e1n abiertas diariamente en +360 localizaciones en los Estados Unidos\",\"breadcrumb\":{\"@id\":\"https:\\\/\\\/test.universalchurchusa.org\\\/es\\\/direcciones\\\/#breadcrumb\"},\"inLanguage\":\"en-US\",\"potentialAction\":[{\"@type\":\"ReadAction\",\"target\":[\"https:\\\/\\\/test.universalchurchusa.org\\\/es\\\/direcciones\\\/\"]}]},{\"@type\":\"BreadcrumbList\",\"@id\":\"https:\\\/\\\/test.universalchurchusa.org\\\/es\\\/direcciones\\\/#breadcrumb\",\"itemListElement\":[{\"@type\":\"ListItem\",\"position\":1,\"name\":\"Home\",\"item\":\"https:\\\/\\\/test.universalchurchusa.org\\\/es\\\/\"},{\"@type\":\"ListItem\",\"position\":2,\"name\":\"Encuentre una Iglesia Universal mas Cercana a Usted en Estados Unidos\"}]},{\"@type\":\"WebSite\",\"@id\":\"https:\\\/\\\/test.universalchurchusa.org\\\/es\\\/#website\",\"url\":\"https:\\\/\\\/test.universalchurchusa.org\\\/es\\\/\",\"name\":\"Iglesia Universal\",\"description\":\"Bienvenido al portal oficial de la Iglesia Universal en los Estados Unidos. Aqu\u00ed encontrar\u00e1 informaci\u00f3n sobre el comportamiento cristiano, los estudios b\u00edblicos, consejos y mucho m\u00e1s.\",\"publisher\":{\"@id\":\"https:\\\/\\\/test.universalchurchusa.org\\\/es\\\/#organization\"},\"potentialAction\":[{\"@type\":\"SearchAction\",\"target\":{\"@type\":\"EntryPoint\",\"urlTemplate\":\"https:\\\/\\\/test.universalchurchusa.org\\\/es\\\/?s={search_term_string}\"},\"query-input\":{\"@type\":\"PropertyValueSpecification\",\"valueRequired\":true,\"valueName\":\"search_term_string\"}}],\"inLanguage\":\"en-US\"},{\"@type\":\"Organization\",\"@id\":\"https:\\\/\\\/test.universalchurchusa.org\\\/es\\\/#organization\",\"name\":\"The Universal Church\",\"alternateName\":\"TUC\",\"url\":\"https:\\\/\\\/test.universalchurchusa.org\\\/es\\\/\",\"logo\":{\"@type\":\"ImageObject\",\"inLanguage\":\"en-US\",\"@id\":\"https:\\\/\\\/test.universalchurchusa.org\\\/es\\\/#\\\/schema\\\/logo\\\/image\\\/\",\"url\":\"https:\\\/\\\/test.universalchurchusa.org\\\/es\\\/wp-content\\\/uploads\\\/sites\\\/6\\\/2023\\\/02\\\/Heart-Logo-2-e1676326647915.png\",\"contentUrl\":\"https:\\\/\\\/test.universalchurchusa.org\\\/es\\\/wp-content\\\/uploads\\\/sites\\\/6\\\/2023\\\/02\\\/Heart-Logo-2-e1676326647915.png\",\"width\":200,\"height\":113,\"caption\":\"The Universal Church\"},\"image\":{\"@id\":\"https:\\\/\\\/test.universalchurchusa.org\\\/es\\\/#\\\/schema\\\/logo\\\/image\\\/\"},\"sameAs\":[\"https:\\\/\\\/www.facebook.com\\\/theuniversalchurch\",\"https:\\\/\\\/x.com\\\/USA_Universal\",\"https:\\\/\\\/www.instagram.com\\\/theuniversalchurch\\\/\",\"https:\\\/\\\/www.youtube.com\\\/channel\\\/UC6Se01gY08rPn4O3OBGlc-Q\"]}]}<\/script>\n<!-- \/ Yoast SEO plugin. -->","yoast_head_json":{"title":"Encuentre una Iglesia Universal mas Cercana a Usted en Estados Unidos - USA","robots":{"index":"index","follow":"follow","max-snippet":"max-snippet:-1","max-image-preview":"max-image-preview:large","max-video-preview":"max-video-preview:-1"},"canonical":"https:\/\/test.universalchurchusa.org\/es\/direcciones\/","og_locale":"en_US","article_publisher":"https:\/\/www.facebook.com\/theuniversalchurch","article_modified_time":"2022-12-30T14:44:47+00:00","og_image":[{"width":940,"height":802,"url":"https:\/\/test.universalchurchusa.org\/es\/wp-content\/uploads\/sites\/6\/2023\/02\/IURD-SPA-LOGO.png","type":"image\/png"}],"twitter_site":"@USA_Universal","twitter_misc":{"Est. reading time":"2 minutes"},"schema":{"@context":"https:\/\/schema.org","@graph":[{"@type":"WebPage","@id":"https:\/\/test.universalchurchusa.org\/es\/direcciones\/","url":"https:\/\/test.universalchurchusa.org\/es\/direcciones\/","name":"Encuentre una Iglesia Universal mas Cercana a Usted en Estados Unidos - USA","isPartOf":{"@id":"https:\/\/test.universalchurchusa.org\/es\/#website"},"datePublished":"2022-07-26T00:04:32+00:00","dateModified":"2022-12-30T14:44:47+00:00","description":"Encuentre una Iglesia Universal mas cercana a usted. Sus puertas est\u00e1n abiertas diariamente en +360 localizaciones en los Estados Unidos","breadcrumb":{"@id":"https:\/\/test.universalchurchusa.org\/es\/direcciones\/#breadcrumb"},"inLanguage":"en-US","potentialAction":[{"@type":"ReadAction","target":["https:\/\/test.universalchurchusa.org\/es\/direcciones\/"]}]},{"@type":"BreadcrumbList","@id":"https:\/\/test.universalchurchusa.org\/es\/direcciones\/#breadcrumb","itemListElement":[{"@type":"ListItem","position":1,"name":"Home","item":"https:\/\/test.universalchurchusa.org\/es\/"},{"@type":"ListItem","position":2,"name":"Encuentre una Iglesia Universal mas Cercana a Usted en Estados Unidos"}]},{"@type":"WebSite","@id":"https:\/\/test.universalchurchusa.org\/es\/#website","url":"https:\/\/test.universalchurchusa.org\/es\/","name":"Iglesia Universal","description":"Bienvenido al portal oficial de la Iglesia Universal en los Estados Unidos. Aqu\u00ed encontrar\u00e1 informaci\u00f3n sobre el comportamiento cristiano, los estudios b\u00edblicos, consejos y mucho m\u00e1s.","publisher":{"@id":"https:\/\/test.universalchurchusa.org\/es\/#organization"},"potentialAction":[{"@type":"SearchAction","target":{"@type":"EntryPoint","urlTemplate":"https:\/\/test.universalchurchusa.org\/es\/?s={search_term_string}"},"query-input":{"@type":"PropertyValueSpecification","valueRequired":true,"valueName":"search_term_string"}}],"inLanguage":"en-US"},{"@type":"Organization","@id":"https:\/\/test.universalchurchusa.org\/es\/#organization","name":"The Universal Church","alternateName":"TUC","url":"https:\/\/test.universalchurchusa.org\/es\/","logo":{"@type":"ImageObject","inLanguage":"en-US","@id":"https:\/\/test.universalchurchusa.org\/es\/#\/schema\/logo\/image\/","url":"https:\/\/test.universalchurchusa.org\/es\/wp-content\/uploads\/sites\/6\/2023\/02\/Heart-Logo-2-e1676326647915.png","contentUrl":"https:\/\/test.universalchurchusa.org\/es\/wp-content\/uploads\/sites\/6\/2023\/02\/Heart-Logo-2-e1676326647915.png","width":200,"height":113,"caption":"The Universal Church"},"image":{"@id":"https:\/\/test.universalchurchusa.org\/es\/#\/schema\/logo\/image\/"},"sameAs":["https:\/\/www.facebook.com\/theuniversalchurch","https:\/\/x.com\/USA_Universal","https:\/\/www.instagram.com\/theuniversalchurch\/","https:\/\/www.youtube.com\/channel\/UC6Se01gY08rPn4O3OBGlc-Q"]}]}},"_links":{"self":[{"href":"https:\/\/test.universalchurchusa.org\/es\/wp-json\/wp\/v2\/pages\/376056","targetHints":{"allow":["GET"]}}],"collection":[{"href":"https:\/\/test.universalchurchusa.org\/es\/wp-json\/wp\/v2\/pages"}],"about":[{"href":"https:\/\/test.universalchurchusa.org\/es\/wp-json\/wp\/v2\/types\/page"}],"author":[{"embeddable":true,"href":"https:\/\/test.universalchurchusa.org\/es\/wp-json\/wp\/v2\/users\/243"}],"replies":[{"embeddable":true,"href":"https:\/\/test.universalchurchusa.org\/es\/wp-json\/wp\/v2\/comments?post=376056"}],"version-history":[{"count":4,"href":"https:\/\/test.universalchurchusa.org\/es\/wp-json\/wp\/v2\/pages\/376056\/revisions"}],"predecessor-version":[{"id":378889,"href":"https:\/\/test.universalchurchusa.org\/es\/wp-json\/wp\/v2\/pages\/376056\/revisions\/378889"}],"wp:attachment":[{"href":"https:\/\/test.universalchurchusa.org\/es\/wp-json\/wp\/v2\/media?parent=376056"}],"wp:term":[{"taxonomy":"site","embeddable":true,"href":"https:\/\/test.universalchurchusa.org\/es\/wp-json\/wp\/v2\/site?post=376056"}],"curies":[{"name":"wp","href":"https:\/\/api.w.org\/{rel}","templated":true}]}}