{"id":305592,"date":"2020-05-26T02:00:44","date_gmt":"2020-05-26T05:00:44","guid":{"rendered":"https:\/\/www.universal.org\/?page_id=2"},"modified":"2023-04-04T14:41:34","modified_gmt":"2023-04-04T21:41:34","slug":"iglesia-universal-oficial","status":"publish","type":"page","link":"https:\/\/test.universalchurchusa.org\/es\/","title":{"rendered":"Home &#8211; Iglesia Universal"},"content":{"rendered":"","protected":false},"excerpt":{"rendered":"","protected":false},"author":243,"featured_media":0,"parent":0,"menu_order":0,"comment_status":"closed","ping_status":"open","template":"page-home-2020.php","meta":{"footnotes":""},"site":[],"class_list":["post-305592","page","type-page","status-publish","hentry"],"yoast_head":"<!-- This site is optimized with the Yoast SEO plugin v27.5 - https:\/\/yoast.com\/product\/yoast-seo-wordpress\/ -->\n<title>Iglesia Universal del Reino de Dios | Pagina Oficial<\/title>\n<meta name=\"robots\" content=\"index, follow, max-snippet:-1, max-image-preview:large, max-video-preview:-1\" \/>\n<link rel=\"canonical\" href=\"https:\/\/test.universalchurchusa.org\/es\/\" \/>\n<meta property=\"og:locale\" content=\"en_US\" \/>\n<meta property=\"article:publisher\" content=\"https:\/\/www.facebook.com\/theuniversalchurch\" \/>\n<meta property=\"article:modified_time\" content=\"2023-04-04T21:41:34+00:00\" \/>\n<meta property=\"og:image\" content=\"https:\/\/test.universalchurchusa.org\/es\/wp-content\/uploads\/sites\/6\/2023\/02\/IURD-SPA-LOGO.png\" \/>\n\t<meta property=\"og:image:width\" content=\"940\" \/>\n\t<meta property=\"og:image:height\" content=\"802\" \/>\n\t<meta property=\"og:image:type\" content=\"image\/png\" \/>\n<meta name=\"twitter:site\" content=\"@USA_Universal\" \/>\n<script type=\"application\/ld+json\" class=\"yoast-schema-graph\">{\"@context\":\"https:\\\/\\\/schema.org\",\"@graph\":[{\"@type\":\"WebPage\",\"@id\":\"https:\\\/\\\/test.universalchurchusa.org\\\/es\\\/\",\"url\":\"https:\\\/\\\/test.universalchurchusa.org\\\/es\\\/\",\"name\":\"Iglesia Universal del Reino de Dios | Pagina Oficial\",\"isPartOf\":{\"@id\":\"https:\\\/\\\/test.universalchurchusa.org\\\/es\\\/#website\"},\"datePublished\":\"2020-05-26T05:00:44+00:00\",\"dateModified\":\"2023-04-04T21:41:34+00:00\",\"description\":\"\\\"Descubre la transformaci\u00f3n de vida a trav\u00e9s de la fe, alimento espiritual y el Esp\u00edritu Santo con la Universal. \u00a1\u00danete a nosotros hoy!\\\"\",\"breadcrumb\":{\"@id\":\"https:\\\/\\\/test.universalchurchusa.org\\\/es\\\/#breadcrumb\"},\"inLanguage\":\"en-US\",\"potentialAction\":[{\"@type\":\"ReadAction\",\"target\":[\"https:\\\/\\\/test.universalchurchusa.org\\\/es\\\/\"]}]},{\"@type\":\"BreadcrumbList\",\"@id\":\"https:\\\/\\\/test.universalchurchusa.org\\\/es\\\/#breadcrumb\",\"itemListElement\":[{\"@type\":\"ListItem\",\"position\":1,\"name\":\"Home\",\"item\":\"https:\\\/\\\/test.universalchurchusa.org\\\/es\\\/\"},{\"@type\":\"ListItem\",\"position\":2,\"name\":\"Home &#8211; Iglesia Universal\"}]},{\"@type\":\"WebSite\",\"@id\":\"https:\\\/\\\/test.universalchurchusa.org\\\/es\\\/#website\",\"url\":\"https:\\\/\\\/test.universalchurchusa.org\\\/es\\\/\",\"name\":\"Iglesia Universal\",\"description\":\"Bienvenido al portal oficial de la Iglesia Universal en los Estados Unidos. Aqu\u00ed encontrar\u00e1 informaci\u00f3n sobre el comportamiento cristiano, los estudios b\u00edblicos, consejos y mucho m\u00e1s.\",\"publisher\":{\"@id\":\"https:\\\/\\\/test.universalchurchusa.org\\\/es\\\/#organization\"},\"potentialAction\":[{\"@type\":\"SearchAction\",\"target\":{\"@type\":\"EntryPoint\",\"urlTemplate\":\"https:\\\/\\\/test.universalchurchusa.org\\\/es\\\/?s={search_term_string}\"},\"query-input\":{\"@type\":\"PropertyValueSpecification\",\"valueRequired\":true,\"valueName\":\"search_term_string\"}}],\"inLanguage\":\"en-US\"},{\"@type\":\"Organization\",\"@id\":\"https:\\\/\\\/test.universalchurchusa.org\\\/es\\\/#organization\",\"name\":\"The Universal Church\",\"alternateName\":\"TUC\",\"url\":\"https:\\\/\\\/test.universalchurchusa.org\\\/es\\\/\",\"logo\":{\"@type\":\"ImageObject\",\"inLanguage\":\"en-US\",\"@id\":\"https:\\\/\\\/test.universalchurchusa.org\\\/es\\\/#\\\/schema\\\/logo\\\/image\\\/\",\"url\":\"https:\\\/\\\/test.universalchurchusa.org\\\/es\\\/wp-content\\\/uploads\\\/sites\\\/6\\\/2023\\\/02\\\/Heart-Logo-2-e1676326647915.png\",\"contentUrl\":\"https:\\\/\\\/test.universalchurchusa.org\\\/es\\\/wp-content\\\/uploads\\\/sites\\\/6\\\/2023\\\/02\\\/Heart-Logo-2-e1676326647915.png\",\"width\":200,\"height\":113,\"caption\":\"The Universal Church\"},\"image\":{\"@id\":\"https:\\\/\\\/test.universalchurchusa.org\\\/es\\\/#\\\/schema\\\/logo\\\/image\\\/\"},\"sameAs\":[\"https:\\\/\\\/www.facebook.com\\\/theuniversalchurch\",\"https:\\\/\\\/x.com\\\/USA_Universal\",\"https:\\\/\\\/www.instagram.com\\\/theuniversalchurch\\\/\",\"https:\\\/\\\/www.youtube.com\\\/channel\\\/UC6Se01gY08rPn4O3OBGlc-Q\"]}]}<\/script>\n<!-- \/ Yoast SEO plugin. -->","yoast_head_json":{"title":"Iglesia Universal del Reino de Dios | Pagina Oficial","robots":{"index":"index","follow":"follow","max-snippet":"max-snippet:-1","max-image-preview":"max-image-preview:large","max-video-preview":"max-video-preview:-1"},"canonical":"https:\/\/test.universalchurchusa.org\/es\/","og_locale":"en_US","article_publisher":"https:\/\/www.facebook.com\/theuniversalchurch","article_modified_time":"2023-04-04T21:41:34+00:00","og_image":[{"width":940,"height":802,"url":"https:\/\/test.universalchurchusa.org\/es\/wp-content\/uploads\/sites\/6\/2023\/02\/IURD-SPA-LOGO.png","type":"image\/png"}],"twitter_site":"@USA_Universal","schema":{"@context":"https:\/\/schema.org","@graph":[{"@type":"WebPage","@id":"https:\/\/test.universalchurchusa.org\/es\/","url":"https:\/\/test.universalchurchusa.org\/es\/","name":"Iglesia Universal del Reino de Dios | Pagina Oficial","isPartOf":{"@id":"https:\/\/test.universalchurchusa.org\/es\/#website"},"datePublished":"2020-05-26T05:00:44+00:00","dateModified":"2023-04-04T21:41:34+00:00","description":"\"Descubre la transformaci\u00f3n de vida a trav\u00e9s de la fe, alimento espiritual y el Esp\u00edritu Santo con la Universal. \u00a1\u00danete a nosotros hoy!\"","breadcrumb":{"@id":"https:\/\/test.universalchurchusa.org\/es\/#breadcrumb"},"inLanguage":"en-US","potentialAction":[{"@type":"ReadAction","target":["https:\/\/test.universalchurchusa.org\/es\/"]}]},{"@type":"BreadcrumbList","@id":"https:\/\/test.universalchurchusa.org\/es\/#breadcrumb","itemListElement":[{"@type":"ListItem","position":1,"name":"Home","item":"https:\/\/test.universalchurchusa.org\/es\/"},{"@type":"ListItem","position":2,"name":"Home &#8211; Iglesia Universal"}]},{"@type":"WebSite","@id":"https:\/\/test.universalchurchusa.org\/es\/#website","url":"https:\/\/test.universalchurchusa.org\/es\/","name":"Iglesia Universal","description":"Bienvenido al portal oficial de la Iglesia Universal en los Estados Unidos. Aqu\u00ed encontrar\u00e1 informaci\u00f3n sobre el comportamiento cristiano, los estudios b\u00edblicos, consejos y mucho m\u00e1s.","publisher":{"@id":"https:\/\/test.universalchurchusa.org\/es\/#organization"},"potentialAction":[{"@type":"SearchAction","target":{"@type":"EntryPoint","urlTemplate":"https:\/\/test.universalchurchusa.org\/es\/?s={search_term_string}"},"query-input":{"@type":"PropertyValueSpecification","valueRequired":true,"valueName":"search_term_string"}}],"inLanguage":"en-US"},{"@type":"Organization","@id":"https:\/\/test.universalchurchusa.org\/es\/#organization","name":"The Universal Church","alternateName":"TUC","url":"https:\/\/test.universalchurchusa.org\/es\/","logo":{"@type":"ImageObject","inLanguage":"en-US","@id":"https:\/\/test.universalchurchusa.org\/es\/#\/schema\/logo\/image\/","url":"https:\/\/test.universalchurchusa.org\/es\/wp-content\/uploads\/sites\/6\/2023\/02\/Heart-Logo-2-e1676326647915.png","contentUrl":"https:\/\/test.universalchurchusa.org\/es\/wp-content\/uploads\/sites\/6\/2023\/02\/Heart-Logo-2-e1676326647915.png","width":200,"height":113,"caption":"The Universal Church"},"image":{"@id":"https:\/\/test.universalchurchusa.org\/es\/#\/schema\/logo\/image\/"},"sameAs":["https:\/\/www.facebook.com\/theuniversalchurch","https:\/\/x.com\/USA_Universal","https:\/\/www.instagram.com\/theuniversalchurch\/","https:\/\/www.youtube.com\/channel\/UC6Se01gY08rPn4O3OBGlc-Q"]}]}},"_links":{"self":[{"href":"https:\/\/test.universalchurchusa.org\/es\/wp-json\/wp\/v2\/pages\/305592","targetHints":{"allow":["GET"]}}],"collection":[{"href":"https:\/\/test.universalchurchusa.org\/es\/wp-json\/wp\/v2\/pages"}],"about":[{"href":"https:\/\/test.universalchurchusa.org\/es\/wp-json\/wp\/v2\/types\/page"}],"author":[{"embeddable":true,"href":"https:\/\/test.universalchurchusa.org\/es\/wp-json\/wp\/v2\/users\/243"}],"replies":[{"embeddable":true,"href":"https:\/\/test.universalchurchusa.org\/es\/wp-json\/wp\/v2\/comments?post=305592"}],"version-history":[{"count":3,"href":"https:\/\/test.universalchurchusa.org\/es\/wp-json\/wp\/v2\/pages\/305592\/revisions"}],"predecessor-version":[{"id":379749,"href":"https:\/\/test.universalchurchusa.org\/es\/wp-json\/wp\/v2\/pages\/305592\/revisions\/379749"}],"wp:attachment":[{"href":"https:\/\/test.universalchurchusa.org\/es\/wp-json\/wp\/v2\/media?parent=305592"}],"wp:term":[{"taxonomy":"site","embeddable":true,"href":"https:\/\/test.universalchurchusa.org\/es\/wp-json\/wp\/v2\/site?post=305592"}],"curies":[{"name":"wp","href":"https:\/\/api.w.org\/{rel}","templated":true}]}}