{"id":305590,"date":"2018-11-29T15:19:28","date_gmt":"2018-11-29T17:19:28","guid":{"rendered":"https:\/\/www.universal.org\/?page_id=310"},"modified":"2023-01-25T09:41:32","modified_gmt":"2023-01-25T17:41:32","slug":"livro-de-oracoes","status":"publish","type":"page","link":"https:\/\/test.universalchurchusa.org\/es\/libro-de-oraciones\/","title":{"rendered":"Libro de Oraciones"},"content":{"rendered":"<h1 class=\"title-small-blue\">Libro de Oraci\u00f3n<\/h1>\n<div class=\"wpforms-container wpforms-container-full\" id=\"wpforms-379091\"><form id=\"wpforms-form-379091\" class=\"wpforms-validate wpforms-form wpforms-ajax-form\" data-formid=\"379091\" method=\"post\" enctype=\"multipart\/form-data\" action=\"\/es\/wp-json\/wp\/v2\/pages\/305590\" data-token=\"131be6589bacd37182efae638b0cef4b\" data-token-time=\"1778247863\"><noscript class=\"wpforms-error-noscript\">Please enable JavaScript in your browser to complete this form.<\/noscript><div class=\"wpforms-field-container\"><div id=\"wpforms-379091-field_1-container\" class=\"wpforms-field wpforms-field-text wpforms-one-half wpforms-first\" data-field-id=\"1\"><label class=\"wpforms-field-label\" for=\"wpforms-379091-field_1\">Nombre <span class=\"wpforms-required-label\">*<\/span><\/label><input type=\"text\" id=\"wpforms-379091-field_1\" class=\"wpforms-field-large wpforms-field-required\" name=\"wpforms[fields][1]\" required><\/div><div id=\"wpforms-379091-field_2-container\" class=\"wpforms-field wpforms-field-text wpforms-one-half\" data-field-id=\"2\"><label class=\"wpforms-field-label\" for=\"wpforms-379091-field_2\">Apellido<\/label><input type=\"text\" id=\"wpforms-379091-field_2\" class=\"wpforms-field-large\" name=\"wpforms[fields][2]\" ><\/div><div id=\"wpforms-379091-field_8-container\" class=\"wpforms-field wpforms-field-email wpforms-one-half wpforms-first\" data-field-id=\"8\"><label class=\"wpforms-field-label\" for=\"wpforms-379091-field_8\">Correo electr\u00f3nico <span class=\"wpforms-required-label\">*<\/span><\/label><input type=\"email\" id=\"wpforms-379091-field_8\" class=\"wpforms-field-large wpforms-field-required\" data-rule-restricted-email=\"1\" name=\"wpforms[fields][8]\" spellcheck=\"false\" required><\/div><div id=\"wpforms-379091-field_9-container\" class=\"wpforms-field wpforms-field-text wpforms-one-half\" data-field-id=\"9\"><label class=\"wpforms-field-label\" for=\"wpforms-379091-field_9\">Tel\u00e9fono<\/label><input type=\"text\" id=\"wpforms-379091-field_9\" class=\"wpforms-field-large wpforms-masked-input\" data-rule-inputmask-incomplete=\"1\" data-inputmask-mask=\"+1 (999)999-9999\" name=\"wpforms[fields][9]\" placeholder=\"+1\" ><\/div><div id=\"wpforms-379091-field_5-container\" class=\"wpforms-field wpforms-field-select wpforms-one-half wpforms-first wpforms-field-select-style-classic\" data-field-id=\"5\"><label class=\"wpforms-field-label\" for=\"wpforms-379091-field_5\">Tema <span class=\"wpforms-required-label\">*<\/span><\/label><select id=\"wpforms-379091-field_5\" class=\"wpforms-field-large wpforms-field-required\" name=\"wpforms[fields][5]\" required=\"required\"><option value=\"\" class=\"placeholder\" disabled  selected='selected'>Selecci\u00f3ne<\/option><option value=\"Enviar Sugerencias\"  class=\"choice-5 depth-1\"  >Enviar Sugerencias<\/option><option value=\"Pedido de Oraci\u00f3n\"  class=\"choice-6 depth-1\"  >Pedido de Oraci\u00f3n<\/option><option value=\"Orientaci\u00f3n Espiritual\"  class=\"choice-7 depth-1\"  >Orientaci\u00f3n Espiritual<\/option><option value=\"Marcar vista al hogar, asilo o prisi\u00f3n\"  class=\"choice-8 depth-1\"  >Marcar vista al hogar, asilo o prisi\u00f3n<\/option><\/select><\/div><div id=\"wpforms-379091-field_6-container\" class=\"wpforms-field wpforms-field-select wpforms-one-half wpforms-field-select-style-classic\" data-field-id=\"6\"><label class=\"wpforms-field-label\" for=\"wpforms-379091-field_6\">Estado <span class=\"wpforms-required-label\">*<\/span><\/label><select id=\"wpforms-379091-field_6\" class=\"wpforms-field-large wpforms-field-required\" name=\"wpforms[fields][6]\" required=\"required\"><option value=\"\" class=\"placeholder\" disabled  selected='selected'>Selecci\u00f3ne<\/option><option value=\"Alabama\"  class=\"choice-4 depth-1\"  >Alabama<\/option><option value=\"Alaska\"  class=\"choice-5 depth-1\"  >Alaska<\/option><option value=\"Arizona\"  class=\"choice-6 depth-1\"  >Arizona<\/option><option value=\"Arkansas\"  class=\"choice-7 depth-1\"  >Arkansas<\/option><option value=\"California\"  class=\"choice-8 depth-1\"  >California<\/option><option value=\"Colorado\"  class=\"choice-9 depth-1\"  >Colorado<\/option><option value=\"Connecticut\"  class=\"choice-10 depth-1\"  >Connecticut<\/option><option value=\"Delaware\"  class=\"choice-11 depth-1\"  >Delaware<\/option><option value=\"District of Columbia\"  class=\"choice-12 depth-1\"  >District of Columbia<\/option><option value=\"Florida\"  class=\"choice-13 depth-1\"  >Florida<\/option><option value=\"Georgia\"  class=\"choice-14 depth-1\"  >Georgia<\/option><option value=\"Hawaii\"  class=\"choice-15 depth-1\"  >Hawaii<\/option><option value=\"Idaho\"  class=\"choice-16 depth-1\"  >Idaho<\/option><option value=\"Illinois\"  class=\"choice-17 depth-1\"  >Illinois<\/option><option value=\"Indiana\"  class=\"choice-18 depth-1\"  >Indiana<\/option><option value=\"Iowa\"  class=\"choice-19 depth-1\"  >Iowa<\/option><option value=\"Kansas\"  class=\"choice-20 depth-1\"  >Kansas<\/option><option value=\"Kentucky\"  class=\"choice-21 depth-1\"  >Kentucky<\/option><option value=\"Louisiana\"  class=\"choice-22 depth-1\"  >Louisiana<\/option><option value=\"Maine\"  class=\"choice-23 depth-1\"  >Maine<\/option><option value=\"Maryland\"  class=\"choice-24 depth-1\"  >Maryland<\/option><option value=\"Massachusetts\"  class=\"choice-25 depth-1\"  >Massachusetts<\/option><option value=\"Michigan\"  class=\"choice-26 depth-1\"  >Michigan<\/option><option value=\"Minnesota\"  class=\"choice-27 depth-1\"  >Minnesota<\/option><option value=\"Mississippi\"  class=\"choice-28 depth-1\"  >Mississippi<\/option><option value=\"Missouri\"  class=\"choice-29 depth-1\"  >Missouri<\/option><option value=\"Montana\"  class=\"choice-30 depth-1\"  >Montana<\/option><option value=\"Nebraska\"  class=\"choice-31 depth-1\"  >Nebraska<\/option><option value=\"Nevada\"  class=\"choice-32 depth-1\"  >Nevada<\/option><option value=\"New Hampshire\"  class=\"choice-33 depth-1\"  >New Hampshire<\/option><option value=\"New Jersey\"  class=\"choice-34 depth-1\"  >New Jersey<\/option><option value=\"New Mexico\"  class=\"choice-35 depth-1\"  >New Mexico<\/option><option value=\"New York\"  class=\"choice-36 depth-1\"  >New York<\/option><option value=\"North Carolina\"  class=\"choice-37 depth-1\"  >North Carolina<\/option><option value=\"North Dakota\"  class=\"choice-38 depth-1\"  >North Dakota<\/option><option value=\"Ohio\"  class=\"choice-39 depth-1\"  >Ohio<\/option><option value=\"Oklahoma\"  class=\"choice-40 depth-1\"  >Oklahoma<\/option><option value=\"Oregon\"  class=\"choice-41 depth-1\"  >Oregon<\/option><option value=\"Pennsylvania\"  class=\"choice-42 depth-1\"  >Pennsylvania<\/option><option value=\"Rhode Island\"  class=\"choice-43 depth-1\"  >Rhode Island<\/option><option value=\"South Carolina\"  class=\"choice-44 depth-1\"  >South Carolina<\/option><option value=\"South Dakota\"  class=\"choice-45 depth-1\"  >South Dakota<\/option><option value=\"Tennessee\"  class=\"choice-46 depth-1\"  >Tennessee<\/option><option value=\"Texas\"  class=\"choice-47 depth-1\"  >Texas<\/option><option value=\"Utah\"  class=\"choice-48 depth-1\"  >Utah<\/option><option value=\"Vermont\"  class=\"choice-49 depth-1\"  >Vermont<\/option><option value=\"Virginia\"  class=\"choice-50 depth-1\"  >Virginia<\/option><option value=\"Washington\"  class=\"choice-51 depth-1\"  >Washington<\/option><option value=\"West Virginia\"  class=\"choice-52 depth-1\"  >West Virginia<\/option><option value=\"Wisconsin\"  class=\"choice-53 depth-1\"  >Wisconsin<\/option><option value=\"Wyoming\"  class=\"choice-54 depth-1\"  >Wyoming<\/option><option value=\"US Territories\"  class=\"choice-55 depth-1\"  >US Territories<\/option><\/select><\/div><div id=\"wpforms-379091-field_7-container\" class=\"wpforms-field wpforms-field-textarea\" data-field-id=\"7\"><label class=\"wpforms-field-label\" for=\"wpforms-379091-field_7\">Mensaje o Petici\u00f3n  <span class=\"wpforms-required-label\">*<\/span><\/label><textarea id=\"wpforms-379091-field_7\" class=\"wpforms-field-small wpforms-field-required wpforms-limit-words-enabled\" data-form-id=\"379091\" data-field-id=\"7\" data-text-limit=\"150\" name=\"wpforms[fields][7]\" placeholder=\"ATENCI\u00d3N: En caso de una emergencia, llame al 911 o comun\u00edquese con la polic\u00eda local.\" required><\/textarea><\/div><\/div><!-- .wpforms-field-container --><div class=\"wpforms-recaptcha-container wpforms-is-hcaptcha\" ><div class=\"h-captcha\" data-sitekey=\"8d814229-f21f-450a-929a-d9612f2000e3\"><\/div><input type=\"text\" name=\"g-recaptcha-hidden\" class=\"wpforms-recaptcha-hidden\" style=\"position:absolute!important;clip:rect(0,0,0,0)!important;height:1px!important;width:1px!important;border:0!important;overflow:hidden!important;padding:0!important;margin:0!important;\" data-rule-hcaptcha=\"1\"><\/div><div class=\"wpforms-submit-container\" ><input type=\"hidden\" name=\"wpforms[id]\" value=\"379091\"><input type=\"hidden\" name=\"page_title\" value=\"\"><input type=\"hidden\" name=\"page_url\" value=\"https:\/\/test.universalchurchusa.org\/es\/wp-json\/wp\/v2\/pages\/305590\"><input type=\"hidden\" name=\"url_referer\" value=\"\"><button type=\"submit\" name=\"wpforms[submit]\" id=\"wpforms-submit-379091\" class=\"wpforms-submit\" data-alt-text=\"Enviando...\" data-submit-text=\"Enviar\" aria-live=\"assertive\" value=\"wpforms-submit\">Enviar<\/button><img loading=\"lazy\" decoding=\"async\" src=\"https:\/\/test.universalchurchusa.org\/es\/wp-content\/plugins\/wpforms-lite\/assets\/images\/submit-spin.svg\" class=\"wpforms-submit-spinner\" style=\"display: none;\" width=\"26\" height=\"26\" alt=\"Loading\"><\/div><\/form><\/div>  <!-- .wpforms-container -->\n","protected":false},"excerpt":{"rendered":"<p>Libro de Oraci\u00f3n<\/p>\n","protected":false},"author":243,"featured_media":0,"parent":0,"menu_order":0,"comment_status":"closed","ping_status":"closed","template":"","meta":{"footnotes":""},"site":[],"class_list":["post-305590","page","type-page","status-publish","hentry"],"yoast_head":"<!-- This site is optimized with the Yoast SEO plugin v27.5 - https:\/\/yoast.com\/product\/yoast-seo-wordpress\/ -->\n<title>Libro de Oraci\u00f3n - Igreja Universal<\/title>\n<meta name=\"robots\" content=\"index, follow, max-snippet:-1, max-image-preview:large, max-video-preview:-1\" \/>\n<link rel=\"canonical\" href=\"https:\/\/test.universalchurchusa.org\/es\/libro-de-oraciones\/\" \/>\n<meta property=\"og:locale\" content=\"en_US\" \/>\n<meta property=\"article:publisher\" content=\"https:\/\/www.facebook.com\/theuniversalchurch\" \/>\n<meta property=\"article:modified_time\" content=\"2023-01-25T17:41:32+00:00\" \/>\n<meta property=\"og:image\" content=\"https:\/\/test.universalchurchusa.org\/es\/wp-content\/uploads\/sites\/6\/2023\/02\/IURD-SPA-LOGO.png\" \/>\n\t<meta property=\"og:image:width\" content=\"940\" \/>\n\t<meta property=\"og:image:height\" content=\"802\" \/>\n\t<meta property=\"og:image:type\" content=\"image\/png\" \/>\n<meta name=\"twitter:site\" content=\"@USA_Universal\" \/>\n<script type=\"application\/ld+json\" class=\"yoast-schema-graph\">{\"@context\":\"https:\\\/\\\/schema.org\",\"@graph\":[{\"@type\":\"WebPage\",\"@id\":\"https:\\\/\\\/test.universalchurchusa.org\\\/es\\\/libro-de-oraciones\\\/\",\"url\":\"https:\\\/\\\/test.universalchurchusa.org\\\/es\\\/libro-de-oraciones\\\/\",\"name\":\"Libro de Oraci\u00f3n - Igreja Universal\",\"isPartOf\":{\"@id\":\"https:\\\/\\\/test.universalchurchusa.org\\\/es\\\/#website\"},\"datePublished\":\"2018-11-29T17:19:28+00:00\",\"dateModified\":\"2023-01-25T17:41:32+00:00\",\"breadcrumb\":{\"@id\":\"https:\\\/\\\/test.universalchurchusa.org\\\/es\\\/libro-de-oraciones\\\/#breadcrumb\"},\"inLanguage\":\"en-US\",\"potentialAction\":[{\"@type\":\"ReadAction\",\"target\":[\"https:\\\/\\\/test.universalchurchusa.org\\\/es\\\/libro-de-oraciones\\\/\"]}]},{\"@type\":\"BreadcrumbList\",\"@id\":\"https:\\\/\\\/test.universalchurchusa.org\\\/es\\\/libro-de-oraciones\\\/#breadcrumb\",\"itemListElement\":[{\"@type\":\"ListItem\",\"position\":1,\"name\":\"Home\",\"item\":\"https:\\\/\\\/test.universalchurchusa.org\\\/es\\\/\"},{\"@type\":\"ListItem\",\"position\":2,\"name\":\"Libro de Oraciones\"}]},{\"@type\":\"WebSite\",\"@id\":\"https:\\\/\\\/test.universalchurchusa.org\\\/es\\\/#website\",\"url\":\"https:\\\/\\\/test.universalchurchusa.org\\\/es\\\/\",\"name\":\"Iglesia Universal\",\"description\":\"Bienvenido al portal oficial de la Iglesia Universal en los Estados Unidos. Aqu\u00ed encontrar\u00e1 informaci\u00f3n sobre el comportamiento cristiano, los estudios b\u00edblicos, consejos y mucho m\u00e1s.\",\"publisher\":{\"@id\":\"https:\\\/\\\/test.universalchurchusa.org\\\/es\\\/#organization\"},\"potentialAction\":[{\"@type\":\"SearchAction\",\"target\":{\"@type\":\"EntryPoint\",\"urlTemplate\":\"https:\\\/\\\/test.universalchurchusa.org\\\/es\\\/?s={search_term_string}\"},\"query-input\":{\"@type\":\"PropertyValueSpecification\",\"valueRequired\":true,\"valueName\":\"search_term_string\"}}],\"inLanguage\":\"en-US\"},{\"@type\":\"Organization\",\"@id\":\"https:\\\/\\\/test.universalchurchusa.org\\\/es\\\/#organization\",\"name\":\"The Universal Church\",\"alternateName\":\"TUC\",\"url\":\"https:\\\/\\\/test.universalchurchusa.org\\\/es\\\/\",\"logo\":{\"@type\":\"ImageObject\",\"inLanguage\":\"en-US\",\"@id\":\"https:\\\/\\\/test.universalchurchusa.org\\\/es\\\/#\\\/schema\\\/logo\\\/image\\\/\",\"url\":\"https:\\\/\\\/test.universalchurchusa.org\\\/es\\\/wp-content\\\/uploads\\\/sites\\\/6\\\/2023\\\/02\\\/Heart-Logo-2-e1676326647915.png\",\"contentUrl\":\"https:\\\/\\\/test.universalchurchusa.org\\\/es\\\/wp-content\\\/uploads\\\/sites\\\/6\\\/2023\\\/02\\\/Heart-Logo-2-e1676326647915.png\",\"width\":200,\"height\":113,\"caption\":\"The Universal Church\"},\"image\":{\"@id\":\"https:\\\/\\\/test.universalchurchusa.org\\\/es\\\/#\\\/schema\\\/logo\\\/image\\\/\"},\"sameAs\":[\"https:\\\/\\\/www.facebook.com\\\/theuniversalchurch\",\"https:\\\/\\\/x.com\\\/USA_Universal\",\"https:\\\/\\\/www.instagram.com\\\/theuniversalchurch\\\/\",\"https:\\\/\\\/www.youtube.com\\\/channel\\\/UC6Se01gY08rPn4O3OBGlc-Q\"]}]}<\/script>\n<!-- \/ Yoast SEO plugin. -->","yoast_head_json":{"title":"Libro de Oraci\u00f3n - Igreja Universal","robots":{"index":"index","follow":"follow","max-snippet":"max-snippet:-1","max-image-preview":"max-image-preview:large","max-video-preview":"max-video-preview:-1"},"canonical":"https:\/\/test.universalchurchusa.org\/es\/libro-de-oraciones\/","og_locale":"en_US","article_publisher":"https:\/\/www.facebook.com\/theuniversalchurch","article_modified_time":"2023-01-25T17:41:32+00:00","og_image":[{"width":940,"height":802,"url":"https:\/\/test.universalchurchusa.org\/es\/wp-content\/uploads\/sites\/6\/2023\/02\/IURD-SPA-LOGO.png","type":"image\/png"}],"twitter_site":"@USA_Universal","schema":{"@context":"https:\/\/schema.org","@graph":[{"@type":"WebPage","@id":"https:\/\/test.universalchurchusa.org\/es\/libro-de-oraciones\/","url":"https:\/\/test.universalchurchusa.org\/es\/libro-de-oraciones\/","name":"Libro de Oraci\u00f3n - Igreja Universal","isPartOf":{"@id":"https:\/\/test.universalchurchusa.org\/es\/#website"},"datePublished":"2018-11-29T17:19:28+00:00","dateModified":"2023-01-25T17:41:32+00:00","breadcrumb":{"@id":"https:\/\/test.universalchurchusa.org\/es\/libro-de-oraciones\/#breadcrumb"},"inLanguage":"en-US","potentialAction":[{"@type":"ReadAction","target":["https:\/\/test.universalchurchusa.org\/es\/libro-de-oraciones\/"]}]},{"@type":"BreadcrumbList","@id":"https:\/\/test.universalchurchusa.org\/es\/libro-de-oraciones\/#breadcrumb","itemListElement":[{"@type":"ListItem","position":1,"name":"Home","item":"https:\/\/test.universalchurchusa.org\/es\/"},{"@type":"ListItem","position":2,"name":"Libro de Oraciones"}]},{"@type":"WebSite","@id":"https:\/\/test.universalchurchusa.org\/es\/#website","url":"https:\/\/test.universalchurchusa.org\/es\/","name":"Iglesia Universal","description":"Bienvenido al portal oficial de la Iglesia Universal en los Estados Unidos. Aqu\u00ed encontrar\u00e1 informaci\u00f3n sobre el comportamiento cristiano, los estudios b\u00edblicos, consejos y mucho m\u00e1s.","publisher":{"@id":"https:\/\/test.universalchurchusa.org\/es\/#organization"},"potentialAction":[{"@type":"SearchAction","target":{"@type":"EntryPoint","urlTemplate":"https:\/\/test.universalchurchusa.org\/es\/?s={search_term_string}"},"query-input":{"@type":"PropertyValueSpecification","valueRequired":true,"valueName":"search_term_string"}}],"inLanguage":"en-US"},{"@type":"Organization","@id":"https:\/\/test.universalchurchusa.org\/es\/#organization","name":"The Universal Church","alternateName":"TUC","url":"https:\/\/test.universalchurchusa.org\/es\/","logo":{"@type":"ImageObject","inLanguage":"en-US","@id":"https:\/\/test.universalchurchusa.org\/es\/#\/schema\/logo\/image\/","url":"https:\/\/test.universalchurchusa.org\/es\/wp-content\/uploads\/sites\/6\/2023\/02\/Heart-Logo-2-e1676326647915.png","contentUrl":"https:\/\/test.universalchurchusa.org\/es\/wp-content\/uploads\/sites\/6\/2023\/02\/Heart-Logo-2-e1676326647915.png","width":200,"height":113,"caption":"The Universal Church"},"image":{"@id":"https:\/\/test.universalchurchusa.org\/es\/#\/schema\/logo\/image\/"},"sameAs":["https:\/\/www.facebook.com\/theuniversalchurch","https:\/\/x.com\/USA_Universal","https:\/\/www.instagram.com\/theuniversalchurch\/","https:\/\/www.youtube.com\/channel\/UC6Se01gY08rPn4O3OBGlc-Q"]}]}},"_links":{"self":[{"href":"https:\/\/test.universalchurchusa.org\/es\/wp-json\/wp\/v2\/pages\/305590","targetHints":{"allow":["GET"]}}],"collection":[{"href":"https:\/\/test.universalchurchusa.org\/es\/wp-json\/wp\/v2\/pages"}],"about":[{"href":"https:\/\/test.universalchurchusa.org\/es\/wp-json\/wp\/v2\/types\/page"}],"author":[{"embeddable":true,"href":"https:\/\/test.universalchurchusa.org\/es\/wp-json\/wp\/v2\/users\/243"}],"replies":[{"embeddable":true,"href":"https:\/\/test.universalchurchusa.org\/es\/wp-json\/wp\/v2\/comments?post=305590"}],"version-history":[{"count":11,"href":"https:\/\/test.universalchurchusa.org\/es\/wp-json\/wp\/v2\/pages\/305590\/revisions"}],"predecessor-version":[{"id":379169,"href":"https:\/\/test.universalchurchusa.org\/es\/wp-json\/wp\/v2\/pages\/305590\/revisions\/379169"}],"wp:attachment":[{"href":"https:\/\/test.universalchurchusa.org\/es\/wp-json\/wp\/v2\/media?parent=305590"}],"wp:term":[{"taxonomy":"site","embeddable":true,"href":"https:\/\/test.universalchurchusa.org\/es\/wp-json\/wp\/v2\/site?post=305590"}],"curies":[{"name":"wp","href":"https:\/\/api.w.org\/{rel}","templated":true}]}}