{"id":229934,"date":"2019-10-14T11:00:56","date_gmt":"2019-10-14T14:00:56","guid":{"rendered":"https:\/\/www.universal.org\/?page_id=229934"},"modified":"2023-04-05T06:23:59","modified_gmt":"2023-04-05T13:23:59","slug":"noticias-de-la-iglesia","status":"publish","type":"page","link":"https:\/\/test.universalchurchusa.org\/es\/noticias\/","title":{"rendered":"Noticias"},"content":{"rendered":"","protected":false},"excerpt":{"rendered":"","protected":false},"author":243,"featured_media":0,"parent":0,"menu_order":0,"comment_status":"closed","ping_status":"closed","template":"page-padrao-sem-cache.php","meta":{"footnotes":""},"site":[18871],"class_list":["post-229934","page","type-page","status-publish","hentry","site-noticias-de-la-iglesia"],"yoast_head":"<!-- This site is optimized with the Yoast SEO plugin v27.4 - https:\/\/yoast.com\/product\/yoast-seo-wordpress\/ -->\n<title>Noticias - Universal Church USA<\/title>\n<meta name=\"robots\" content=\"index, follow, max-snippet:-1, max-image-preview:large, max-video-preview:-1\" \/>\n<link rel=\"canonical\" href=\"https:\/\/test.universalchurchusa.org\/es\/noticias\/\" \/>\n<meta property=\"og:locale\" content=\"en_US\" \/>\n<meta property=\"article:publisher\" content=\"https:\/\/www.facebook.com\/theuniversalchurch\" \/>\n<meta property=\"article:modified_time\" content=\"2023-04-05T13:23:59+00:00\" \/>\n<meta property=\"og:image\" content=\"https:\/\/test.universalchurchusa.org\/es\/wp-content\/uploads\/sites\/6\/2023\/02\/IURD-SPA-LOGO.png\" \/>\n\t<meta property=\"og:image:width\" content=\"940\" \/>\n\t<meta property=\"og:image:height\" content=\"802\" \/>\n\t<meta property=\"og:image:type\" content=\"image\/png\" \/>\n<meta name=\"twitter:site\" content=\"@USA_Universal\" \/>\n<script type=\"application\/ld+json\" class=\"yoast-schema-graph\">{\"@context\":\"https:\\\/\\\/schema.org\",\"@graph\":[{\"@type\":\"WebPage\",\"@id\":\"https:\\\/\\\/test.universalchurchusa.org\\\/es\\\/noticias\\\/\",\"url\":\"https:\\\/\\\/test.universalchurchusa.org\\\/es\\\/noticias\\\/\",\"name\":\"Noticias - Universal Church USA\",\"isPartOf\":{\"@id\":\"https:\\\/\\\/test.universalchurchusa.org\\\/es\\\/#website\"},\"datePublished\":\"2019-10-14T14:00:56+00:00\",\"dateModified\":\"2023-04-05T13:23:59+00:00\",\"description\":\"\u00daltimas noticias y novedades de la Universal Church USA. Mant\u00e9ngase informado sobre nuestros eventos y actividades.\",\"breadcrumb\":{\"@id\":\"https:\\\/\\\/test.universalchurchusa.org\\\/es\\\/noticias\\\/#breadcrumb\"},\"inLanguage\":\"en-US\",\"potentialAction\":[{\"@type\":\"ReadAction\",\"target\":[\"https:\\\/\\\/test.universalchurchusa.org\\\/es\\\/noticias\\\/\"]}]},{\"@type\":\"BreadcrumbList\",\"@id\":\"https:\\\/\\\/test.universalchurchusa.org\\\/es\\\/noticias\\\/#breadcrumb\",\"itemListElement\":[{\"@type\":\"ListItem\",\"position\":1,\"name\":\"Home\",\"item\":\"https:\\\/\\\/test.universalchurchusa.org\\\/es\\\/\"},{\"@type\":\"ListItem\",\"position\":2,\"name\":\"Noticias\"}]},{\"@type\":\"WebSite\",\"@id\":\"https:\\\/\\\/test.universalchurchusa.org\\\/es\\\/#website\",\"url\":\"https:\\\/\\\/test.universalchurchusa.org\\\/es\\\/\",\"name\":\"Iglesia Universal\",\"description\":\"Bienvenido al portal oficial de la Iglesia Universal en los Estados Unidos. Aqu\u00ed encontrar\u00e1 informaci\u00f3n sobre el comportamiento cristiano, los estudios b\u00edblicos, consejos y mucho m\u00e1s.\",\"publisher\":{\"@id\":\"https:\\\/\\\/test.universalchurchusa.org\\\/es\\\/#organization\"},\"potentialAction\":[{\"@type\":\"SearchAction\",\"target\":{\"@type\":\"EntryPoint\",\"urlTemplate\":\"https:\\\/\\\/test.universalchurchusa.org\\\/es\\\/?s={search_term_string}\"},\"query-input\":{\"@type\":\"PropertyValueSpecification\",\"valueRequired\":true,\"valueName\":\"search_term_string\"}}],\"inLanguage\":\"en-US\"},{\"@type\":\"Organization\",\"@id\":\"https:\\\/\\\/test.universalchurchusa.org\\\/es\\\/#organization\",\"name\":\"The Universal Church\",\"alternateName\":\"TUC\",\"url\":\"https:\\\/\\\/test.universalchurchusa.org\\\/es\\\/\",\"logo\":{\"@type\":\"ImageObject\",\"inLanguage\":\"en-US\",\"@id\":\"https:\\\/\\\/test.universalchurchusa.org\\\/es\\\/#\\\/schema\\\/logo\\\/image\\\/\",\"url\":\"https:\\\/\\\/test.universalchurchusa.org\\\/es\\\/wp-content\\\/uploads\\\/sites\\\/6\\\/2023\\\/02\\\/Heart-Logo-2-e1676326647915.png\",\"contentUrl\":\"https:\\\/\\\/test.universalchurchusa.org\\\/es\\\/wp-content\\\/uploads\\\/sites\\\/6\\\/2023\\\/02\\\/Heart-Logo-2-e1676326647915.png\",\"width\":200,\"height\":113,\"caption\":\"The Universal Church\"},\"image\":{\"@id\":\"https:\\\/\\\/test.universalchurchusa.org\\\/es\\\/#\\\/schema\\\/logo\\\/image\\\/\"},\"sameAs\":[\"https:\\\/\\\/www.facebook.com\\\/theuniversalchurch\",\"https:\\\/\\\/x.com\\\/USA_Universal\",\"https:\\\/\\\/www.instagram.com\\\/theuniversalchurch\\\/\",\"https:\\\/\\\/www.youtube.com\\\/channel\\\/UC6Se01gY08rPn4O3OBGlc-Q\"]}]}<\/script>\n<!-- \/ Yoast SEO plugin. -->","yoast_head_json":{"title":"Noticias - Universal Church USA","robots":{"index":"index","follow":"follow","max-snippet":"max-snippet:-1","max-image-preview":"max-image-preview:large","max-video-preview":"max-video-preview:-1"},"canonical":"https:\/\/test.universalchurchusa.org\/es\/noticias\/","og_locale":"en_US","article_publisher":"https:\/\/www.facebook.com\/theuniversalchurch","article_modified_time":"2023-04-05T13:23:59+00:00","og_image":[{"width":940,"height":802,"url":"https:\/\/test.universalchurchusa.org\/es\/wp-content\/uploads\/sites\/6\/2023\/02\/IURD-SPA-LOGO.png","type":"image\/png"}],"twitter_site":"@USA_Universal","schema":{"@context":"https:\/\/schema.org","@graph":[{"@type":"WebPage","@id":"https:\/\/test.universalchurchusa.org\/es\/noticias\/","url":"https:\/\/test.universalchurchusa.org\/es\/noticias\/","name":"Noticias - Universal Church USA","isPartOf":{"@id":"https:\/\/test.universalchurchusa.org\/es\/#website"},"datePublished":"2019-10-14T14:00:56+00:00","dateModified":"2023-04-05T13:23:59+00:00","description":"\u00daltimas noticias y novedades de la Universal Church USA. Mant\u00e9ngase informado sobre nuestros eventos y actividades.","breadcrumb":{"@id":"https:\/\/test.universalchurchusa.org\/es\/noticias\/#breadcrumb"},"inLanguage":"en-US","potentialAction":[{"@type":"ReadAction","target":["https:\/\/test.universalchurchusa.org\/es\/noticias\/"]}]},{"@type":"BreadcrumbList","@id":"https:\/\/test.universalchurchusa.org\/es\/noticias\/#breadcrumb","itemListElement":[{"@type":"ListItem","position":1,"name":"Home","item":"https:\/\/test.universalchurchusa.org\/es\/"},{"@type":"ListItem","position":2,"name":"Noticias"}]},{"@type":"WebSite","@id":"https:\/\/test.universalchurchusa.org\/es\/#website","url":"https:\/\/test.universalchurchusa.org\/es\/","name":"Iglesia Universal","description":"Bienvenido al portal oficial de la Iglesia Universal en los Estados Unidos. Aqu\u00ed encontrar\u00e1 informaci\u00f3n sobre el comportamiento cristiano, los estudios b\u00edblicos, consejos y mucho m\u00e1s.","publisher":{"@id":"https:\/\/test.universalchurchusa.org\/es\/#organization"},"potentialAction":[{"@type":"SearchAction","target":{"@type":"EntryPoint","urlTemplate":"https:\/\/test.universalchurchusa.org\/es\/?s={search_term_string}"},"query-input":{"@type":"PropertyValueSpecification","valueRequired":true,"valueName":"search_term_string"}}],"inLanguage":"en-US"},{"@type":"Organization","@id":"https:\/\/test.universalchurchusa.org\/es\/#organization","name":"The Universal Church","alternateName":"TUC","url":"https:\/\/test.universalchurchusa.org\/es\/","logo":{"@type":"ImageObject","inLanguage":"en-US","@id":"https:\/\/test.universalchurchusa.org\/es\/#\/schema\/logo\/image\/","url":"https:\/\/test.universalchurchusa.org\/es\/wp-content\/uploads\/sites\/6\/2023\/02\/Heart-Logo-2-e1676326647915.png","contentUrl":"https:\/\/test.universalchurchusa.org\/es\/wp-content\/uploads\/sites\/6\/2023\/02\/Heart-Logo-2-e1676326647915.png","width":200,"height":113,"caption":"The Universal Church"},"image":{"@id":"https:\/\/test.universalchurchusa.org\/es\/#\/schema\/logo\/image\/"},"sameAs":["https:\/\/www.facebook.com\/theuniversalchurch","https:\/\/x.com\/USA_Universal","https:\/\/www.instagram.com\/theuniversalchurch\/","https:\/\/www.youtube.com\/channel\/UC6Se01gY08rPn4O3OBGlc-Q"]}]}},"_links":{"self":[{"href":"https:\/\/test.universalchurchusa.org\/es\/wp-json\/wp\/v2\/pages\/229934","targetHints":{"allow":["GET"]}}],"collection":[{"href":"https:\/\/test.universalchurchusa.org\/es\/wp-json\/wp\/v2\/pages"}],"about":[{"href":"https:\/\/test.universalchurchusa.org\/es\/wp-json\/wp\/v2\/types\/page"}],"author":[{"embeddable":true,"href":"https:\/\/test.universalchurchusa.org\/es\/wp-json\/wp\/v2\/users\/243"}],"replies":[{"embeddable":true,"href":"https:\/\/test.universalchurchusa.org\/es\/wp-json\/wp\/v2\/comments?post=229934"}],"version-history":[{"count":4,"href":"https:\/\/test.universalchurchusa.org\/es\/wp-json\/wp\/v2\/pages\/229934\/revisions"}],"predecessor-version":[{"id":377341,"href":"https:\/\/test.universalchurchusa.org\/es\/wp-json\/wp\/v2\/pages\/229934\/revisions\/377341"}],"wp:attachment":[{"href":"https:\/\/test.universalchurchusa.org\/es\/wp-json\/wp\/v2\/media?parent=229934"}],"wp:term":[{"taxonomy":"site","embeddable":true,"href":"https:\/\/test.universalchurchusa.org\/es\/wp-json\/wp\/v2\/site?post=229934"}],"curies":[{"name":"wp","href":"https:\/\/api.w.org\/{rel}","templated":true}]}}